{"id":1499,"date":"2018-06-21T10:42:23","date_gmt":"2018-06-21T10:42:23","guid":{"rendered":"http:\/\/library.cus.ac.in\/?page_id=1499"},"modified":"2018-06-21T10:51:52","modified_gmt":"2018-06-21T10:51:52","slug":"new-arrivals-zoology","status":"publish","type":"page","link":"https:\/\/library.cus.ac.in\/index.php\/new-arrivals-zoology\/","title":{"rendered":"New Arrivals (Zoology)"},"content":{"rendered":"\n<table id=\"tablepress-38\" class=\"tablepress tablepress-id-38\">\n<thead>\n<tr class=\"row-1\">\n\t<th class=\"column-1\">Sl. No<\/th><th class=\"column-2\">Title<\/th><th class=\"column-3\">Author Name<\/th><th class=\"column-4\">URL<\/th><th class=\"column-5\">Cover Page<\/th>\n<\/tr>\n<\/thead>\n<tbody class=\"row-striping row-hover\">\n<tr class=\"row-2\">\n\t<td class=\"column-1\">1<\/td><td class=\"column-2\">Principles of Wildlife Management<\/td><td class=\"column-3\">Bailey,James A.<\/td><td class=\"column-4\"><a href=\"http:\/\/14.139.206.50:8000\/cgi-bin\/koha\/opac-detail.pl?biblionumber=179793\" rel=\"noopener\" target=\"_blank\">http:\/\/14.139.206.50:8000\/cgi-bin\/koha\/opac-detail.pl?biblionumber=179793<\/a><\/td><td class=\"column-5\"><img loading=\"lazy\" decoding=\"async\" src=\"http:\/\/library.cus.ac.in\/wp-content\/uploads\/2018\/06\/2018_05_02_17_06_05_001.jpg\" alt=\"\" width=\"100\" height=\"150\" class=\"alignnone size-full wp-image-1502\" \/><\/td>\n<\/tr>\n<tr class=\"row-3\">\n\t<td class=\"column-1\">2<\/td><td class=\"column-2\">Molecular approaches to parasitology<\/td><td class=\"column-3\">John C. Boothroyd, Richard Komuniecki.<\/td><td class=\"column-4\"><a href=\"http:\/\/14.139.206.50:8000\/cgi-bin\/koha\/opac-detail.pl?biblionumber=195246\" rel=\"noopener\" target=\"_blank\">http:\/\/14.139.206.50:8000\/cgi-bin\/koha\/opac-detail.pl?biblionumber=195246<\/a><\/td><td class=\"column-5\"><img loading=\"lazy\" decoding=\"async\" src=\"http:\/\/library.cus.ac.in\/wp-content\/uploads\/2018\/06\/2018_05_02_17_06_05_002.jpg\" alt=\"\" width=\"100\" height=\"150\" class=\"alignnone size-full wp-image-1503\" \/><\/td>\n<\/tr>\n<tr class=\"row-4\">\n\t<td class=\"column-1\">3<\/td><td class=\"column-2\">Essential Bioinformatics <\/td><td class=\"column-3\">Jin Xiong<\/td><td class=\"column-4\"><a href=\"http:\/\/14.139.206.50:8000\/cgi-bin\/koha\/opac-detail.pl?biblionumber=195327\" rel=\"noopener\" target=\"_blank\">http:\/\/14.139.206.50:8000\/cgi-bin\/koha\/opac-detail.pl?biblionumber=195327<\/a><\/td><td class=\"column-5\"><img loading=\"lazy\" decoding=\"async\" src=\"http:\/\/library.cus.ac.in\/wp-content\/uploads\/2018\/06\/2018_05_03_17_59_25_001.jpg\" alt=\"\" width=\"100\" height=\"150\" class=\"alignnone size-full wp-image-1504\" \/><\/td>\n<\/tr>\n<tr class=\"row-5\">\n\t<td class=\"column-1\">4<\/td><td class=\"column-2\">Winged sentinels :birds and climate change <\/td><td class=\"column-3\">Janice Wormworth, \u00c7a\u011fan H \u015eekercio\u011flu.<\/td><td class=\"column-4\"><a href=\"http:\/\/14.139.206.50:8000\/cgi-bin\/koha\/opac-detail.pl?biblionumber=195328\" rel=\"noopener\" target=\"_blank\">http:\/\/14.139.206.50:8000\/cgi-bin\/koha\/opac-detail.pl?biblionumber=195328<\/a><\/td><td class=\"column-5\"><img loading=\"lazy\" decoding=\"async\" src=\"http:\/\/library.cus.ac.in\/wp-content\/uploads\/2018\/06\/2018_05_03_17_59_25_002.jpg\" alt=\"\" width=\"100\" height=\"150\" class=\"alignnone size-full wp-image-1505\" \/><\/td>\n<\/tr>\n<tr class=\"row-6\">\n\t<td class=\"column-1\">5<\/td><td class=\"column-2\">Introduction to animal parasitology <\/td><td class=\"column-3\">J.D. Smyth <\/td><td class=\"column-4\"><a href=\"http:\/\/14.139.206.50:8000\/cgi-bin\/koha\/opac-detail.pl?biblionumber=195330\" rel=\"noopener\" target=\"_blank\">http:\/\/14.139.206.50:8000\/cgi-bin\/koha\/opac-detail.pl?biblionumber=195330<\/a><\/td><td class=\"column-5\"><img loading=\"lazy\" decoding=\"async\" src=\"http:\/\/library.cus.ac.in\/wp-content\/uploads\/2018\/06\/2018_05_03_17_59_25_004.jpg\" alt=\"\" width=\"100\" height=\"150\" class=\"alignnone size-full wp-image-1506\" \/><\/td>\n<\/tr>\n<\/tbody>\n<\/table>\n<!-- #tablepress-38 from cache -->\n","protected":false},"excerpt":{"rendered":"","protected":false},"author":1,"featured_media":0,"parent":0,"menu_order":0,"comment_status":"closed","ping_status":"closed","template":"","meta":{"footnotes":""},"class_list":["post-1499","page","type-page","status-publish","hentry"],"_links":{"self":[{"href":"https:\/\/library.cus.ac.in\/index.php\/wp-json\/wp\/v2\/pages\/1499","targetHints":{"allow":["GET"]}}],"collection":[{"href":"https:\/\/library.cus.ac.in\/index.php\/wp-json\/wp\/v2\/pages"}],"about":[{"href":"https:\/\/library.cus.ac.in\/index.php\/wp-json\/wp\/v2\/types\/page"}],"author":[{"embeddable":true,"href":"https:\/\/library.cus.ac.in\/index.php\/wp-json\/wp\/v2\/users\/1"}],"replies":[{"embeddable":true,"href":"https:\/\/library.cus.ac.in\/index.php\/wp-json\/wp\/v2\/comments?post=1499"}],"version-history":[{"count":1,"href":"https:\/\/library.cus.ac.in\/index.php\/wp-json\/wp\/v2\/pages\/1499\/revisions"}],"predecessor-version":[{"id":1500,"href":"https:\/\/library.cus.ac.in\/index.php\/wp-json\/wp\/v2\/pages\/1499\/revisions\/1500"}],"wp:attachment":[{"href":"https:\/\/library.cus.ac.in\/index.php\/wp-json\/wp\/v2\/media?parent=1499"}],"curies":[{"name":"wp","href":"https:\/\/api.w.org\/{rel}","templated":true}]}}